{"id":52,"date":"2026-04-20T12:20:11","date_gmt":"2026-04-20T12:20:11","guid":{"rendered":"https:\/\/nemanja3223.its-student.edu.rs\/?page_id=52"},"modified":"2026-04-20T14:37:00","modified_gmt":"2026-04-20T14:37:00","slug":"o-aluli","status":"publish","type":"page","link":"https:\/\/nemanja3223.its-student.edu.rs\/index.php\/o-aluli\/","title":{"rendered":"O AlUli"},"content":{"rendered":"\n<p>Dobrodo\u0161li na portal posve\u0107en AlUli, mestu gde se spajaju istorija i luksuz.<\/p>\n\n\n\n<p><strong>AlUla<\/strong>\u00a0je fascinantna, drevna pustinjska oaza u severozapadnoj Saudijskoj Arabiji, poznata po spektakularnim pe\u0161\u010danim pejza\u017eima, istorijskim znamenitostima i luksuznom turizmu. Dom je prvog UNESCO-vog mesta svetske ba\u0161tine u zemlji, Hegre, kao i\u00a0<strong>drevnog starog grada<\/strong>.<\/p>\n\n\n\n<p>Evo klju\u010dnih stvari o AlUli:<\/p>\n\n\n\n<ul class=\"wp-block-list\">\n<li><strong>Istorijsko blago:<\/strong>\u00a0Hegra (poznata i kao Mada&#8217;in Salih) sadr\u017ei preko 100 monumentalnih grobnica sa rasko\u0161nim fasadama uklesanim u stene, koje poti\u010du iz nabatejskog perioda, sli\u010dno Petri u Jordanu.<\/li>\n\n\n\n<li><strong>Prirodne lepote:<\/strong>\u00a0Pejza\u017e je definisan crvenkastim kanjonima, oazama sa palmama i neobi\u010dnim stenovitim formacijama.<\/li>\n\n\n\n<li><strong>Kultura i doga\u0111aji:<\/strong>\u00a0AlUla je centar za festivale kao \u0161to je\u00a0<em>Winter at Tantora<\/em>, koji spaja umetnost, muziku i kulturu pod zvezdanim nebom.<\/li>\n\n\n\n<li><strong>Luksuzni boravak:<\/strong>\u00a0Nudi jedinstvena iskustva sme\u0161taja, uklju\u010duju\u0107i hotele u ekolo\u0161kom stilu uklopljene u prirodu i moderne koncerte u ogledalima prekrivenoj dvorani Maraya.<\/li>\n\n\n\n<li><strong>Lokacija:<\/strong>\u00a0Nalazi se oko 750 km severno od D\u017eede i 300 km od Medine.<\/li>\n<\/ul>\n\n\n\n<p>AlUla se smatra destinacijom koja nudi spoj avanture, istorije i vrhunskog luksuza, \u010desto opisivana kao &#8222;iskustvo sa druge planete&#8220;.<\/p>\n","protected":false},"excerpt":{"rendered":"<p>Dobrodo\u0161li na portal posve\u0107en AlUli, mestu gde se spajaju istorija i luksuz. AlUla\u00a0je fascinantna, drevna pustinjska oaza u severozapadnoj Saudijskoj [&hellip;]<\/p>\n","protected":false},"author":1,"featured_media":0,"parent":0,"menu_order":0,"comment_status":"closed","ping_status":"closed","template":"","meta":{"site-sidebar-layout":"default","site-content-layout":"","ast-site-content-layout":"default","site-content-style":"default","site-sidebar-style":"default","ast-global-header-display":"","ast-banner-title-visibility":"","ast-main-header-display":"","ast-hfb-above-header-display":"","ast-hfb-below-header-display":"","ast-hfb-mobile-header-display":"","site-post-title":"","ast-breadcrumbs-content":"","ast-featured-img":"","footer-sml-layout":"","ast-disable-related-posts":"","theme-transparent-header-meta":"","adv-header-id-meta":"","stick-header-meta":"","header-above-stick-meta":"","header-main-stick-meta":"","header-below-stick-meta":"","astra-migrate-meta-layouts":"default","ast-page-background-enabled":"default","ast-page-background-meta":{"desktop":{"background-color":"var(--ast-global-color-5)","background-image":"","background-repeat":"repeat","background-position":"center center","background-size":"auto","background-attachment":"scroll","background-type":"","background-media":"","overlay-type":"","overlay-color":"","overlay-opacity":"","overlay-gradient":""},"tablet":{"background-color":"","background-image":"","background-repeat":"repeat","background-position":"center center","background-size":"auto","background-attachment":"scroll","background-type":"","background-media":"","overlay-type":"","overlay-color":"","overlay-opacity":"","overlay-gradient":""},"mobile":{"background-color":"","background-image":"","background-repeat":"repeat","background-position":"center center","background-size":"auto","background-attachment":"scroll","background-type":"","background-media":"","overlay-type":"","overlay-color":"","overlay-opacity":"","overlay-gradient":""}},"ast-content-background-meta":{"desktop":{"background-color":"var(--ast-global-color-4)","background-image":"","background-repeat":"repeat","background-position":"center center","background-size":"auto","background-attachment":"scroll","background-type":"","background-media":"","overlay-type":"","overlay-color":"","overlay-opacity":"","overlay-gradient":""},"tablet":{"background-color":"var(--ast-global-color-4)","background-image":"","background-repeat":"repeat","background-position":"center center","background-size":"auto","background-attachment":"scroll","background-type":"","background-media":"","overlay-type":"","overlay-color":"","overlay-opacity":"","overlay-gradient":""},"mobile":{"background-color":"var(--ast-global-color-4)","background-image":"","background-repeat":"repeat","background-position":"center center","background-size":"auto","background-attachment":"scroll","background-type":"","background-media":"","overlay-type":"","overlay-color":"","overlay-opacity":"","overlay-gradient":""}},"footnotes":""},"class_list":["post-52","page","type-page","status-publish","hentry"],"yoast_head":"<!-- This site is optimized with the Yoast SEO plugin v27.4 - https:\/\/yoast.com\/product\/yoast-seo-wordpress\/ -->\n<title>O AlUli - AlUla Experience<\/title>\n<meta name=\"robots\" content=\"noindex, follow, max-snippet:-1, max-image-preview:large, max-video-preview:-1\" \/>\n<meta property=\"og:locale\" content=\"sr_RS\" \/>\n<meta property=\"og:type\" content=\"article\" \/>\n<meta property=\"og:title\" content=\"O AlUli - AlUla Experience\" \/>\n<meta property=\"og:description\" content=\"Dobrodo\u0161li na portal posve\u0107en AlUli, mestu gde se spajaju istorija i luksuz. AlUla\u00a0je fascinantna, drevna pustinjska oaza u severozapadnoj Saudijskoj [&hellip;]\" \/>\n<meta property=\"og:url\" content=\"https:\/\/nemanja3223.its-student.edu.rs\/index.php\/o-aluli\/\" \/>\n<meta property=\"og:site_name\" content=\"AlUla Experience\" \/>\n<meta property=\"article:modified_time\" content=\"2026-04-20T14:37:00+00:00\" \/>\n<meta name=\"twitter:card\" content=\"summary_large_image\" \/>\n<meta name=\"twitter:label1\" content=\"\u041f\u0440\u043e\u0446\u0435\u045a\u0435\u043d\u043e \u0432\u0440\u0435\u043c\u0435 \u0447\u0438\u0442\u0430\u045a\u0430\" \/>\n\t<meta name=\"twitter:data1\" content=\"1 \u043c\u0438\u043d\u0443\u0442\" \/>\n<script type=\"application\/ld+json\" class=\"yoast-schema-graph\">{\"@context\":\"https:\\\/\\\/schema.org\",\"@graph\":[{\"@type\":\"WebPage\",\"@id\":\"https:\\\/\\\/nemanja3223.its-student.edu.rs\\\/index.php\\\/o-aluli\\\/\",\"url\":\"https:\\\/\\\/nemanja3223.its-student.edu.rs\\\/index.php\\\/o-aluli\\\/\",\"name\":\"O AlUli - AlUla Experience\",\"isPartOf\":{\"@id\":\"https:\\\/\\\/nemanja3223.its-student.edu.rs\\\/#website\"},\"datePublished\":\"2026-04-20T12:20:11+00:00\",\"dateModified\":\"2026-04-20T14:37:00+00:00\",\"breadcrumb\":{\"@id\":\"https:\\\/\\\/nemanja3223.its-student.edu.rs\\\/index.php\\\/o-aluli\\\/#breadcrumb\"},\"inLanguage\":\"sr-RS\",\"potentialAction\":[{\"@type\":\"ReadAction\",\"target\":[\"https:\\\/\\\/nemanja3223.its-student.edu.rs\\\/index.php\\\/o-aluli\\\/\"]}]},{\"@type\":\"BreadcrumbList\",\"@id\":\"https:\\\/\\\/nemanja3223.its-student.edu.rs\\\/index.php\\\/o-aluli\\\/#breadcrumb\",\"itemListElement\":[{\"@type\":\"ListItem\",\"position\":1,\"name\":\"\u041f\u043e\u0447\u0435\u0442\u043d\u0430\",\"item\":\"https:\\\/\\\/nemanja3223.its-student.edu.rs\\\/\"},{\"@type\":\"ListItem\",\"position\":2,\"name\":\"O AlUli\"}]},{\"@type\":\"WebSite\",\"@id\":\"https:\\\/\\\/nemanja3223.its-student.edu.rs\\\/#website\",\"url\":\"https:\\\/\\\/nemanja3223.its-student.edu.rs\\\/\",\"name\":\"AlUla Experience\",\"description\":\"\",\"publisher\":{\"@id\":\"https:\\\/\\\/nemanja3223.its-student.edu.rs\\\/#organization\"},\"potentialAction\":[{\"@type\":\"SearchAction\",\"target\":{\"@type\":\"EntryPoint\",\"urlTemplate\":\"https:\\\/\\\/nemanja3223.its-student.edu.rs\\\/?s={search_term_string}\"},\"query-input\":{\"@type\":\"PropertyValueSpecification\",\"valueRequired\":true,\"valueName\":\"search_term_string\"}}],\"inLanguage\":\"sr-RS\"},{\"@type\":\"Organization\",\"@id\":\"https:\\\/\\\/nemanja3223.its-student.edu.rs\\\/#organization\",\"name\":\"AlUla Experience\",\"url\":\"https:\\\/\\\/nemanja3223.its-student.edu.rs\\\/\",\"logo\":{\"@type\":\"ImageObject\",\"inLanguage\":\"sr-RS\",\"@id\":\"https:\\\/\\\/nemanja3223.its-student.edu.rs\\\/#\\\/schema\\\/logo\\\/image\\\/\",\"url\":\"https:\\\/\\\/nemanja3223.its-student.edu.rs\\\/wp-content\\\/uploads\\\/2026\\\/04\\\/cropped-Slika-37.jpg\",\"contentUrl\":\"https:\\\/\\\/nemanja3223.its-student.edu.rs\\\/wp-content\\\/uploads\\\/2026\\\/04\\\/cropped-Slika-37.jpg\",\"width\":635,\"height\":635,\"caption\":\"AlUla Experience\"},\"image\":{\"@id\":\"https:\\\/\\\/nemanja3223.its-student.edu.rs\\\/#\\\/schema\\\/logo\\\/image\\\/\"}}]}<\/script>\n<!-- \/ Yoast SEO plugin. -->","yoast_head_json":{"title":"O AlUli - AlUla Experience","robots":{"index":"noindex","follow":"follow","max-snippet":"max-snippet:-1","max-image-preview":"max-image-preview:large","max-video-preview":"max-video-preview:-1"},"og_locale":"sr_RS","og_type":"article","og_title":"O AlUli - AlUla Experience","og_description":"Dobrodo\u0161li na portal posve\u0107en AlUli, mestu gde se spajaju istorija i luksuz. AlUla\u00a0je fascinantna, drevna pustinjska oaza u severozapadnoj Saudijskoj [&hellip;]","og_url":"https:\/\/nemanja3223.its-student.edu.rs\/index.php\/o-aluli\/","og_site_name":"AlUla Experience","article_modified_time":"2026-04-20T14:37:00+00:00","twitter_card":"summary_large_image","twitter_misc":{"\u041f\u0440\u043e\u0446\u0435\u045a\u0435\u043d\u043e \u0432\u0440\u0435\u043c\u0435 \u0447\u0438\u0442\u0430\u045a\u0430":"1 \u043c\u0438\u043d\u0443\u0442"},"schema":{"@context":"https:\/\/schema.org","@graph":[{"@type":"WebPage","@id":"https:\/\/nemanja3223.its-student.edu.rs\/index.php\/o-aluli\/","url":"https:\/\/nemanja3223.its-student.edu.rs\/index.php\/o-aluli\/","name":"O AlUli - AlUla Experience","isPartOf":{"@id":"https:\/\/nemanja3223.its-student.edu.rs\/#website"},"datePublished":"2026-04-20T12:20:11+00:00","dateModified":"2026-04-20T14:37:00+00:00","breadcrumb":{"@id":"https:\/\/nemanja3223.its-student.edu.rs\/index.php\/o-aluli\/#breadcrumb"},"inLanguage":"sr-RS","potentialAction":[{"@type":"ReadAction","target":["https:\/\/nemanja3223.its-student.edu.rs\/index.php\/o-aluli\/"]}]},{"@type":"BreadcrumbList","@id":"https:\/\/nemanja3223.its-student.edu.rs\/index.php\/o-aluli\/#breadcrumb","itemListElement":[{"@type":"ListItem","position":1,"name":"\u041f\u043e\u0447\u0435\u0442\u043d\u0430","item":"https:\/\/nemanja3223.its-student.edu.rs\/"},{"@type":"ListItem","position":2,"name":"O AlUli"}]},{"@type":"WebSite","@id":"https:\/\/nemanja3223.its-student.edu.rs\/#website","url":"https:\/\/nemanja3223.its-student.edu.rs\/","name":"AlUla Experience","description":"","publisher":{"@id":"https:\/\/nemanja3223.its-student.edu.rs\/#organization"},"potentialAction":[{"@type":"SearchAction","target":{"@type":"EntryPoint","urlTemplate":"https:\/\/nemanja3223.its-student.edu.rs\/?s={search_term_string}"},"query-input":{"@type":"PropertyValueSpecification","valueRequired":true,"valueName":"search_term_string"}}],"inLanguage":"sr-RS"},{"@type":"Organization","@id":"https:\/\/nemanja3223.its-student.edu.rs\/#organization","name":"AlUla Experience","url":"https:\/\/nemanja3223.its-student.edu.rs\/","logo":{"@type":"ImageObject","inLanguage":"sr-RS","@id":"https:\/\/nemanja3223.its-student.edu.rs\/#\/schema\/logo\/image\/","url":"https:\/\/nemanja3223.its-student.edu.rs\/wp-content\/uploads\/2026\/04\/cropped-Slika-37.jpg","contentUrl":"https:\/\/nemanja3223.its-student.edu.rs\/wp-content\/uploads\/2026\/04\/cropped-Slika-37.jpg","width":635,"height":635,"caption":"AlUla Experience"},"image":{"@id":"https:\/\/nemanja3223.its-student.edu.rs\/#\/schema\/logo\/image\/"}}]}},"_links":{"self":[{"href":"https:\/\/nemanja3223.its-student.edu.rs\/index.php\/wp-json\/wp\/v2\/pages\/52","targetHints":{"allow":["GET"]}}],"collection":[{"href":"https:\/\/nemanja3223.its-student.edu.rs\/index.php\/wp-json\/wp\/v2\/pages"}],"about":[{"href":"https:\/\/nemanja3223.its-student.edu.rs\/index.php\/wp-json\/wp\/v2\/types\/page"}],"author":[{"embeddable":true,"href":"https:\/\/nemanja3223.its-student.edu.rs\/index.php\/wp-json\/wp\/v2\/users\/1"}],"replies":[{"embeddable":true,"href":"https:\/\/nemanja3223.its-student.edu.rs\/index.php\/wp-json\/wp\/v2\/comments?post=52"}],"version-history":[{"count":2,"href":"https:\/\/nemanja3223.its-student.edu.rs\/index.php\/wp-json\/wp\/v2\/pages\/52\/revisions"}],"predecessor-version":[{"id":109,"href":"https:\/\/nemanja3223.its-student.edu.rs\/index.php\/wp-json\/wp\/v2\/pages\/52\/revisions\/109"}],"wp:attachment":[{"href":"https:\/\/nemanja3223.its-student.edu.rs\/index.php\/wp-json\/wp\/v2\/media?parent=52"}],"curies":[{"name":"wp","href":"https:\/\/api.w.org\/{rel}","templated":true}]}}