{"id":70,"date":"2026-04-20T13:03:10","date_gmt":"2026-04-20T13:03:10","guid":{"rendered":"https:\/\/nemanja3223.its-student.edu.rs\/?page_id=70"},"modified":"2026-04-20T13:03:10","modified_gmt":"2026-04-20T13:03:10","slug":"404-izgubljeni-u-pesku","status":"publish","type":"page","link":"https:\/\/nemanja3223.its-student.edu.rs\/index.php\/404-izgubljeni-u-pesku\/","title":{"rendered":"404 &#8211; Izgubljeni u pesku"},"content":{"rendered":"\n<p>Izgleda da vas je pe\u0161\u010dana oluja skrenula sa puta. Vratite se na po\u010detnu stranicu pre nego \u0161to sunce zadje!<\/p>\n\n\n\n<figure class=\"wp-block-image size-full\"><img fetchpriority=\"high\" decoding=\"async\" width=\"750\" height=\"562\" src=\"https:\/\/nemanja3223.its-student.edu.rs\/wp-content\/uploads\/2026\/04\/Slika-40.jpg\" alt=\"\" class=\"wp-image-72\" srcset=\"https:\/\/nemanja3223.its-student.edu.rs\/wp-content\/uploads\/2026\/04\/Slika-40.jpg 750w, https:\/\/nemanja3223.its-student.edu.rs\/wp-content\/uploads\/2026\/04\/Slika-40-300x225.jpg 300w\" sizes=\"(max-width: 750px) 100vw, 750px\" \/><\/figure>\n\n\n\n<div class=\"wp-block-buttons is-layout-flex wp-block-buttons-is-layout-flex\">\n<div class=\"wp-block-button\"><a class=\"wp-block-button__link wp-element-button\" href=\"http:\/\/nemanja3223.its-student.edu.rs\/\">Vrati se u Oazu<\/a><\/div>\n<\/div>\n","protected":false},"excerpt":{"rendered":"<p>Izgleda da vas je pe\u0161\u010dana oluja skrenula sa puta. Vratite se na po\u010detnu stranicu pre nego \u0161to sunce zadje!<\/p>\n","protected":false},"author":1,"featured_media":0,"parent":0,"menu_order":0,"comment_status":"closed","ping_status":"closed","template":"","meta":{"site-sidebar-layout":"default","site-content-layout":"","ast-site-content-layout":"default","site-content-style":"default","site-sidebar-style":"default","ast-global-header-display":"","ast-banner-title-visibility":"","ast-main-header-display":"","ast-hfb-above-header-display":"","ast-hfb-below-header-display":"","ast-hfb-mobile-header-display":"","site-post-title":"","ast-breadcrumbs-content":"","ast-featured-img":"","footer-sml-layout":"","ast-disable-related-posts":"","theme-transparent-header-meta":"","adv-header-id-meta":"","stick-header-meta":"","header-above-stick-meta":"","header-main-stick-meta":"","header-below-stick-meta":"","astra-migrate-meta-layouts":"default","ast-page-background-enabled":"default","ast-page-background-meta":{"desktop":{"background-color":"var(--ast-global-color-5)","background-image":"","background-repeat":"repeat","background-position":"center center","background-size":"auto","background-attachment":"scroll","background-type":"","background-media":"","overlay-type":"","overlay-color":"","overlay-opacity":"","overlay-gradient":""},"tablet":{"background-color":"","background-image":"","background-repeat":"repeat","background-position":"center center","background-size":"auto","background-attachment":"scroll","background-type":"","background-media":"","overlay-type":"","overlay-color":"","overlay-opacity":"","overlay-gradient":""},"mobile":{"background-color":"","background-image":"","background-repeat":"repeat","background-position":"center center","background-size":"auto","background-attachment":"scroll","background-type":"","background-media":"","overlay-type":"","overlay-color":"","overlay-opacity":"","overlay-gradient":""}},"ast-content-background-meta":{"desktop":{"background-color":"var(--ast-global-color-4)","background-image":"","background-repeat":"repeat","background-position":"center center","background-size":"auto","background-attachment":"scroll","background-type":"","background-media":"","overlay-type":"","overlay-color":"","overlay-opacity":"","overlay-gradient":""},"tablet":{"background-color":"var(--ast-global-color-4)","background-image":"","background-repeat":"repeat","background-position":"center center","background-size":"auto","background-attachment":"scroll","background-type":"","background-media":"","overlay-type":"","overlay-color":"","overlay-opacity":"","overlay-gradient":""},"mobile":{"background-color":"var(--ast-global-color-4)","background-image":"","background-repeat":"repeat","background-position":"center center","background-size":"auto","background-attachment":"scroll","background-type":"","background-media":"","overlay-type":"","overlay-color":"","overlay-opacity":"","overlay-gradient":""}},"footnotes":""},"class_list":["post-70","page","type-page","status-publish","hentry"],"yoast_head":"<!-- This site is optimized with the Yoast SEO plugin v27.4 - https:\/\/yoast.com\/product\/yoast-seo-wordpress\/ -->\n<title>404 - Izgubljeni u pesku - AlUla Experience<\/title>\n<meta name=\"robots\" content=\"noindex, follow, max-snippet:-1, max-image-preview:large, max-video-preview:-1\" \/>\n<meta property=\"og:locale\" content=\"sr_RS\" \/>\n<meta property=\"og:type\" content=\"article\" \/>\n<meta property=\"og:title\" content=\"404 - Izgubljeni u pesku - AlUla Experience\" \/>\n<meta property=\"og:description\" content=\"Izgleda da vas je pe\u0161\u010dana oluja skrenula sa puta. Vratite se na po\u010detnu stranicu pre nego \u0161to sunce zadje!\" \/>\n<meta property=\"og:url\" content=\"https:\/\/nemanja3223.its-student.edu.rs\/index.php\/404-izgubljeni-u-pesku\/\" \/>\n<meta property=\"og:site_name\" content=\"AlUla Experience\" \/>\n<meta property=\"og:image\" content=\"https:\/\/nemanja3223.its-student.edu.rs\/wp-content\/uploads\/2026\/04\/Slika-40.jpg\" \/>\n\t<meta property=\"og:image:width\" content=\"750\" \/>\n\t<meta property=\"og:image:height\" content=\"562\" \/>\n\t<meta property=\"og:image:type\" content=\"image\/jpeg\" \/>\n<meta name=\"twitter:card\" content=\"summary_large_image\" \/>\n<meta name=\"twitter:label1\" content=\"\u041f\u0440\u043e\u0446\u0435\u045a\u0435\u043d\u043e \u0432\u0440\u0435\u043c\u0435 \u0447\u0438\u0442\u0430\u045a\u0430\" \/>\n\t<meta name=\"twitter:data1\" content=\"1 \u043c\u0438\u043d\u0443\u0442\" \/>\n<script type=\"application\/ld+json\" class=\"yoast-schema-graph\">{\"@context\":\"https:\\\/\\\/schema.org\",\"@graph\":[{\"@type\":\"WebPage\",\"@id\":\"https:\\\/\\\/nemanja3223.its-student.edu.rs\\\/index.php\\\/404-izgubljeni-u-pesku\\\/\",\"url\":\"https:\\\/\\\/nemanja3223.its-student.edu.rs\\\/index.php\\\/404-izgubljeni-u-pesku\\\/\",\"name\":\"404 - Izgubljeni u pesku - AlUla Experience\",\"isPartOf\":{\"@id\":\"https:\\\/\\\/nemanja3223.its-student.edu.rs\\\/#website\"},\"primaryImageOfPage\":{\"@id\":\"https:\\\/\\\/nemanja3223.its-student.edu.rs\\\/index.php\\\/404-izgubljeni-u-pesku\\\/#primaryimage\"},\"image\":{\"@id\":\"https:\\\/\\\/nemanja3223.its-student.edu.rs\\\/index.php\\\/404-izgubljeni-u-pesku\\\/#primaryimage\"},\"thumbnailUrl\":\"https:\\\/\\\/nemanja3223.its-student.edu.rs\\\/wp-content\\\/uploads\\\/2026\\\/04\\\/Slika-40.jpg\",\"datePublished\":\"2026-04-20T13:03:10+00:00\",\"breadcrumb\":{\"@id\":\"https:\\\/\\\/nemanja3223.its-student.edu.rs\\\/index.php\\\/404-izgubljeni-u-pesku\\\/#breadcrumb\"},\"inLanguage\":\"sr-RS\",\"potentialAction\":[{\"@type\":\"ReadAction\",\"target\":[\"https:\\\/\\\/nemanja3223.its-student.edu.rs\\\/index.php\\\/404-izgubljeni-u-pesku\\\/\"]}]},{\"@type\":\"ImageObject\",\"inLanguage\":\"sr-RS\",\"@id\":\"https:\\\/\\\/nemanja3223.its-student.edu.rs\\\/index.php\\\/404-izgubljeni-u-pesku\\\/#primaryimage\",\"url\":\"https:\\\/\\\/nemanja3223.its-student.edu.rs\\\/wp-content\\\/uploads\\\/2026\\\/04\\\/Slika-40.jpg\",\"contentUrl\":\"https:\\\/\\\/nemanja3223.its-student.edu.rs\\\/wp-content\\\/uploads\\\/2026\\\/04\\\/Slika-40.jpg\",\"width\":750,\"height\":562},{\"@type\":\"BreadcrumbList\",\"@id\":\"https:\\\/\\\/nemanja3223.its-student.edu.rs\\\/index.php\\\/404-izgubljeni-u-pesku\\\/#breadcrumb\",\"itemListElement\":[{\"@type\":\"ListItem\",\"position\":1,\"name\":\"\u041f\u043e\u0447\u0435\u0442\u043d\u0430\",\"item\":\"https:\\\/\\\/nemanja3223.its-student.edu.rs\\\/\"},{\"@type\":\"ListItem\",\"position\":2,\"name\":\"404 &#8211; Izgubljeni u pesku\"}]},{\"@type\":\"WebSite\",\"@id\":\"https:\\\/\\\/nemanja3223.its-student.edu.rs\\\/#website\",\"url\":\"https:\\\/\\\/nemanja3223.its-student.edu.rs\\\/\",\"name\":\"AlUla Experience\",\"description\":\"\",\"publisher\":{\"@id\":\"https:\\\/\\\/nemanja3223.its-student.edu.rs\\\/#organization\"},\"potentialAction\":[{\"@type\":\"SearchAction\",\"target\":{\"@type\":\"EntryPoint\",\"urlTemplate\":\"https:\\\/\\\/nemanja3223.its-student.edu.rs\\\/?s={search_term_string}\"},\"query-input\":{\"@type\":\"PropertyValueSpecification\",\"valueRequired\":true,\"valueName\":\"search_term_string\"}}],\"inLanguage\":\"sr-RS\"},{\"@type\":\"Organization\",\"@id\":\"https:\\\/\\\/nemanja3223.its-student.edu.rs\\\/#organization\",\"name\":\"AlUla Experience\",\"url\":\"https:\\\/\\\/nemanja3223.its-student.edu.rs\\\/\",\"logo\":{\"@type\":\"ImageObject\",\"inLanguage\":\"sr-RS\",\"@id\":\"https:\\\/\\\/nemanja3223.its-student.edu.rs\\\/#\\\/schema\\\/logo\\\/image\\\/\",\"url\":\"https:\\\/\\\/nemanja3223.its-student.edu.rs\\\/wp-content\\\/uploads\\\/2026\\\/04\\\/cropped-Slika-37.jpg\",\"contentUrl\":\"https:\\\/\\\/nemanja3223.its-student.edu.rs\\\/wp-content\\\/uploads\\\/2026\\\/04\\\/cropped-Slika-37.jpg\",\"width\":635,\"height\":635,\"caption\":\"AlUla Experience\"},\"image\":{\"@id\":\"https:\\\/\\\/nemanja3223.its-student.edu.rs\\\/#\\\/schema\\\/logo\\\/image\\\/\"}}]}<\/script>\n<!-- \/ Yoast SEO plugin. -->","yoast_head_json":{"title":"404 - Izgubljeni u pesku - AlUla Experience","robots":{"index":"noindex","follow":"follow","max-snippet":"max-snippet:-1","max-image-preview":"max-image-preview:large","max-video-preview":"max-video-preview:-1"},"og_locale":"sr_RS","og_type":"article","og_title":"404 - Izgubljeni u pesku - AlUla Experience","og_description":"Izgleda da vas je pe\u0161\u010dana oluja skrenula sa puta. Vratite se na po\u010detnu stranicu pre nego \u0161to sunce zadje!","og_url":"https:\/\/nemanja3223.its-student.edu.rs\/index.php\/404-izgubljeni-u-pesku\/","og_site_name":"AlUla Experience","og_image":[{"width":750,"height":562,"url":"https:\/\/nemanja3223.its-student.edu.rs\/wp-content\/uploads\/2026\/04\/Slika-40.jpg","type":"image\/jpeg"}],"twitter_card":"summary_large_image","twitter_misc":{"\u041f\u0440\u043e\u0446\u0435\u045a\u0435\u043d\u043e \u0432\u0440\u0435\u043c\u0435 \u0447\u0438\u0442\u0430\u045a\u0430":"1 \u043c\u0438\u043d\u0443\u0442"},"schema":{"@context":"https:\/\/schema.org","@graph":[{"@type":"WebPage","@id":"https:\/\/nemanja3223.its-student.edu.rs\/index.php\/404-izgubljeni-u-pesku\/","url":"https:\/\/nemanja3223.its-student.edu.rs\/index.php\/404-izgubljeni-u-pesku\/","name":"404 - Izgubljeni u pesku - AlUla Experience","isPartOf":{"@id":"https:\/\/nemanja3223.its-student.edu.rs\/#website"},"primaryImageOfPage":{"@id":"https:\/\/nemanja3223.its-student.edu.rs\/index.php\/404-izgubljeni-u-pesku\/#primaryimage"},"image":{"@id":"https:\/\/nemanja3223.its-student.edu.rs\/index.php\/404-izgubljeni-u-pesku\/#primaryimage"},"thumbnailUrl":"https:\/\/nemanja3223.its-student.edu.rs\/wp-content\/uploads\/2026\/04\/Slika-40.jpg","datePublished":"2026-04-20T13:03:10+00:00","breadcrumb":{"@id":"https:\/\/nemanja3223.its-student.edu.rs\/index.php\/404-izgubljeni-u-pesku\/#breadcrumb"},"inLanguage":"sr-RS","potentialAction":[{"@type":"ReadAction","target":["https:\/\/nemanja3223.its-student.edu.rs\/index.php\/404-izgubljeni-u-pesku\/"]}]},{"@type":"ImageObject","inLanguage":"sr-RS","@id":"https:\/\/nemanja3223.its-student.edu.rs\/index.php\/404-izgubljeni-u-pesku\/#primaryimage","url":"https:\/\/nemanja3223.its-student.edu.rs\/wp-content\/uploads\/2026\/04\/Slika-40.jpg","contentUrl":"https:\/\/nemanja3223.its-student.edu.rs\/wp-content\/uploads\/2026\/04\/Slika-40.jpg","width":750,"height":562},{"@type":"BreadcrumbList","@id":"https:\/\/nemanja3223.its-student.edu.rs\/index.php\/404-izgubljeni-u-pesku\/#breadcrumb","itemListElement":[{"@type":"ListItem","position":1,"name":"\u041f\u043e\u0447\u0435\u0442\u043d\u0430","item":"https:\/\/nemanja3223.its-student.edu.rs\/"},{"@type":"ListItem","position":2,"name":"404 &#8211; Izgubljeni u pesku"}]},{"@type":"WebSite","@id":"https:\/\/nemanja3223.its-student.edu.rs\/#website","url":"https:\/\/nemanja3223.its-student.edu.rs\/","name":"AlUla Experience","description":"","publisher":{"@id":"https:\/\/nemanja3223.its-student.edu.rs\/#organization"},"potentialAction":[{"@type":"SearchAction","target":{"@type":"EntryPoint","urlTemplate":"https:\/\/nemanja3223.its-student.edu.rs\/?s={search_term_string}"},"query-input":{"@type":"PropertyValueSpecification","valueRequired":true,"valueName":"search_term_string"}}],"inLanguage":"sr-RS"},{"@type":"Organization","@id":"https:\/\/nemanja3223.its-student.edu.rs\/#organization","name":"AlUla Experience","url":"https:\/\/nemanja3223.its-student.edu.rs\/","logo":{"@type":"ImageObject","inLanguage":"sr-RS","@id":"https:\/\/nemanja3223.its-student.edu.rs\/#\/schema\/logo\/image\/","url":"https:\/\/nemanja3223.its-student.edu.rs\/wp-content\/uploads\/2026\/04\/cropped-Slika-37.jpg","contentUrl":"https:\/\/nemanja3223.its-student.edu.rs\/wp-content\/uploads\/2026\/04\/cropped-Slika-37.jpg","width":635,"height":635,"caption":"AlUla Experience"},"image":{"@id":"https:\/\/nemanja3223.its-student.edu.rs\/#\/schema\/logo\/image\/"}}]}},"_links":{"self":[{"href":"https:\/\/nemanja3223.its-student.edu.rs\/index.php\/wp-json\/wp\/v2\/pages\/70","targetHints":{"allow":["GET"]}}],"collection":[{"href":"https:\/\/nemanja3223.its-student.edu.rs\/index.php\/wp-json\/wp\/v2\/pages"}],"about":[{"href":"https:\/\/nemanja3223.its-student.edu.rs\/index.php\/wp-json\/wp\/v2\/types\/page"}],"author":[{"embeddable":true,"href":"https:\/\/nemanja3223.its-student.edu.rs\/index.php\/wp-json\/wp\/v2\/users\/1"}],"replies":[{"embeddable":true,"href":"https:\/\/nemanja3223.its-student.edu.rs\/index.php\/wp-json\/wp\/v2\/comments?post=70"}],"version-history":[{"count":1,"href":"https:\/\/nemanja3223.its-student.edu.rs\/index.php\/wp-json\/wp\/v2\/pages\/70\/revisions"}],"predecessor-version":[{"id":73,"href":"https:\/\/nemanja3223.its-student.edu.rs\/index.php\/wp-json\/wp\/v2\/pages\/70\/revisions\/73"}],"wp:attachment":[{"href":"https:\/\/nemanja3223.its-student.edu.rs\/index.php\/wp-json\/wp\/v2\/media?parent=70"}],"curies":[{"name":"wp","href":"https:\/\/api.w.org\/{rel}","templated":true}]}}